{"id":192,"date":"2018-11-05T00:02:01","date_gmt":"2018-11-05T05:02:01","guid":{"rendered":"https:\/\/gilcastromusic.com\/?page_id=192"},"modified":"2018-12-02T07:27:34","modified_gmt":"2018-12-02T12:27:34","slug":"terms-conditions","status":"publish","type":"page","link":"https:\/\/gilcastromusic.com\/es\/terms-conditions\/","title":{"rendered":"T\u00e9rminos &amp; Condiciones"},"content":{"rendered":"<h2>Bienvenido a Gil Castro Music<\/h2>\n<p>Estos t\u00e9rminos y condiciones describen las reglas y regulaciones para el uso del sitio web de Gil Castro Music.<\/p>\n<p><span style=\"text-transform: capitalize;\"> M\u00fasica Gil Castro<\/span> se encuentra en:<\/p>\n<address>https:\/\/gilcastromusic.com<\/address>\n<address>\u00a0<\/address>\n<p>Al acceder a este sitio web, asumimos que acepta estos t\u00e9rminos y condiciones en su totalidad. No contin\u00fae usando el sitio web de Gil Castro Music si no acepta todos los t\u00e9rminos y condiciones que se detallan en esta p\u00e1gina.<\/p>\n<p>La siguiente terminolog\u00eda se aplica a estos T\u00e9rminos y Condiciones, Declaraci\u00f3n de Privacidad y Aviso de Descargo de Responsabilidad y cualquiera o todos los Acuerdos: \"Cliente\", \"Usted\" y \"Su\" se refieren a usted, la persona que accede a este sitio web y acepta los t\u00e9rminos y condiciones de la Compa\u00f1\u00eda. \"La Compa\u00f1\u00eda\", \"Nosotros mismos\", \"Nuestro\" y \"Nosotros\", se refiere a nuestra Compa\u00f1\u00eda. \"Parte\", \"Partes\" o \"Nosotros\", se refiere tanto al Cliente como a nosotros mismos, o al Cliente o a nosotros mismos. Todos los t\u00e9rminos se refieren a la oferta, aceptaci\u00f3n y consideraci\u00f3n del pago necesario para llevar a cabo el proceso de nuestra asistencia al Cliente de la manera m\u00e1s adecuada, ya sea mediante reuniones formales de una duraci\u00f3n fija, o por cualquier otro medio, con el prop\u00f3sito expreso de cumplir con el objetivo. Las necesidades del cliente con respecto a la provisi\u00f3n de los servicios \/ productos declarados de la Compa\u00f1\u00eda, de acuerdo con y sujeto a la ley vigente de. Cualquier uso de la terminolog\u00eda anterior u otras palabras en singular, plural, may\u00fasculas y \/ o \u00e9l \/ ella o ellos, se consideran intercambiables y, por lo tanto, se refieren a la misma.<\/p>\n<h2>Cookies<\/h2>\n<p>Empleamos el uso de cookies. Al utilizar el sitio web de Gil Castro Music, usted acepta el uso de cookies de conformidad con la pol\u00edtica de privacidad de Gil Castro Music. La mayor\u00eda de los sitios web interactivos de hoy en d\u00eda utilizan cookies para permitirnos recuperar los detalles del usuario para cada visita. Las cookies se utilizan en algunas \u00e1reas de nuestro sitio para permitir la funcionalidad de esta \u00e1rea y la facilidad de uso para las personas que visitan. Algunos de nuestros socios afiliados \/ publicitarios tambi\u00e9n pueden usar cookies.<\/p>\n<h2>Licencia<\/h2>\n<p>A menos que se indique lo contrario, Gil Castro Music y \/ o sus licenciatarios poseen los derechos de propiedad intelectual de todo el material de Gil Castro Music. Todos los derechos de propiedad intelectual est\u00e1n reservados. Puede ver y \/ o imprimir p\u00e1ginas de https:\/\/gilcastromusic.com para su uso personal sujeto a las restricciones establecidas en estos t\u00e9rminos y condiciones.<\/p>\n<p>Usted no debe:<\/p>\n<ol>\n<li>Volver a publicar material de https:\/\/gilcastromusic.com<\/li>\n<li>Vender, alquilar o sub-licenciar material de https:\/\/gilcastromusic.com<\/li>\n<li>Reproducir, duplicar o copiar material de https:\/\/gilcastromusic.com<\/li>\n<\/ol>\n<p>Redistribuir el contenido de Gil Castro Music (a menos que el contenido sea espec\u00edficamente para redistribuci\u00f3n).<\/p>\n<h2>Hiperenlaces a Nuestro Contenido<\/h2>\n<ol>\n<li>Las siguientes organizaciones pueden vincularse a nuestro sitio web sin aprobaci\u00f3n previa por escrito:\n<ol>\n<li>Agencias gubernamentales;<\/li>\n<li>Search engines;<\/li>\n<li>Organizaciones de noticias;<\/li>\n<li>Los distribuidores de directorios en l\u00ednea cuando nos listan en el directorio pueden enlazar a nuestro sitio web de la misma manera que lo hacen a trav\u00e9s de enlaces a los sitios web de otras empresas listadas; y Empresas Acreditadas en todo el Sistema, excepto que soliciten organizaciones sin fines de lucro, centros comerciales de caridad y grupos de recaudaci\u00f3n de fondos caritativos que no tengan enlaces a nuestro sitio web.<\/li>\n<\/ol>\n<\/li>\n<\/ol>\n<ol start=\"2\">\n<li>Estas organizaciones pueden vincularse a nuestra p\u00e1gina de inicio, a publicaciones u otra informaci\u00f3n del sitio web siempre que el enlace: (a) no sea en modo alguno enga\u00f1oso; (b) no implica falsamente el patrocinio, aval o aprobaci\u00f3n de la parte vinculada y sus productos o servicios; y (c) encaja dentro del contexto del sitio de la parte vinculante.<\/li>\n<li>Podemos considerar y aprobar a nuestro exclusivo criterio otras solicitudes de enlaces de los siguientes tipos de organizaciones:\n<ol>\n<li>fuentes de informaci\u00f3n para consumidores y \/ o empresas com\u00fanmente conocidas, como las C\u00e1maras de Comercio, la Asociaci\u00f3n Americana de Autom\u00f3viles, la AARP y la Uni\u00f3n de Consumidores;<\/li>\n<li>sitios de la comunidad dot.com;<\/li>\n<li>asociaciones u otros grupos que representan organizaciones ben\u00e9ficas, incluidos los sitios de donaci\u00f3n,<\/li>\n<li>Distribuidores de directorio en l\u00ednea;<\/li>\n<li>internet portals;<\/li>\n<li>Empresas de contabilidad, derecho y consultor\u00eda cuyos principales clientes son las empresas; y<\/li>\n<li>Instituciones educativas y asociaciones comerciales.<\/li>\n<\/ol>\n<\/li>\n<\/ol>\n<p>We will approve link requests from these organizations if we determine that: (a) the link would not reflect unfavorably on us or our accredited businesses (for example, trade associations or other organizations representing inherently suspect types of business, such as work-at-home opportunities, shall not be allowed to link); (b)the organization does not have an unsatisfactory record with us; (c) the benefit to us from the visibility associated with the hyperlink outweighs the absence of <!--?=$companyName? &gt;; and (d) where the&lt;br ?--> link is in the context of general resource information or is otherwise consistent\u00a0 with editorial content in a newsletter or similar product furthering the mission of the organization.<\/p>\n<p>Estas organizaciones pueden vincularse a nuestra p\u00e1gina de inicio, a publicaciones u otra informaci\u00f3n del sitio web siempre que el enlace: (a) no sea en modo alguno enga\u00f1oso; (b) no implica falsamente el patrocinio, respaldo o aprobaci\u00f3n de la parte vinculada y sus productos o servicios; y (c) encaja dentro del contexto del sitio de la parte vinculante.<\/p>\n<p>Si se encuentra entre las organizaciones enumeradas en el p\u00e1rrafo 2 anterior y est\u00e1 interesado en enlazar a nuestro sitio web, debe notificarnos enviando un correo electr\u00f3nico a <a title=\"send an email to manny@gilcastromusic.com\" href=\"mailto:manny@gilcastromusic.com\">manny@gilcastromusic.com<\/a>. Incluya su nombre, el nombre de su organizaci\u00f3n, la informaci\u00f3n de contacto (como el n\u00famero de tel\u00e9fono y \/ o la direcci\u00f3n de correo electr\u00f3nico), as\u00ed como la URL de su sitio, una lista de las URL desde las que desea enlazar a nuestro sitio web. y una lista de las URL en nuestro sitio a las que desea vincular. Permita 2-3 semanas para una respuesta.<\/p>\n<p>Las organizaciones aprobadas pueden enlazar a nuestro sitio web de la siguiente manera:<\/p>\n<ol>\n<li>Por el uso de nuestro nombre corporativo; o<\/li>\n<li>Mediante el uso del localizador uniforme de recursos (direcci\u00f3n web) que est\u00e1 vinculado a; o<\/li>\n<li>El uso de cualquier otra descripci\u00f3n de nuestro sitio web o el material al que est\u00e1 vinculado tiene sentido dentro del contexto y formato del contenido en el sitio de la parte vinculante.<\/li>\n<\/ol>\n<p>No se permitir\u00e1 el uso del logo de Gil Castro Music u otra obra de arte para vincular, en ausencia de un acuerdo de licencia de marca comercial.<\/p>\n<h2>Iframes<\/h2>\n<p>Sin la aprobaci\u00f3n previa y el permiso expreso por escrito, no puede crear marcos alrededor de nuestras p\u00e1ginas web ni utilizar otras t\u00e9cnicas que alteren de alguna manera la presentaci\u00f3n visual o la apariencia de nuestro sitio web.<\/p>\n<h2>Reserva de Derechos<\/h2>\n<p>Nos reservamos el derecho en cualquier momento y a su entera discreci\u00f3n para solicitar que elimine todos los enlaces o cualquier enlace en particular a nuestro sitio web. Usted acuerda eliminar inmediatamente todos los enlaces a nuestro sitio web cuando lo solicite. Tambi\u00e9n nos reservamos el derecho de modificar estos t\u00e9rminos y condiciones y su pol\u00edtica de enlace en cualquier momento. Al continuar con el enlace a nuestro sitio web, usted acepta estar obligado a cumplir con estos t\u00e9rminos y condiciones de enlace.<\/p>\n<h2>Eliminaci\u00f3n de enlaces de nuestro sitio web.<\/h2>\n<p>Si encuentra alg\u00fan enlace en nuestro sitio web o cualquier otro sitio web objetable por cualquier motivo, puede contactarnos sobre esto. Consideraremos solicitudes para eliminar enlaces, pero no tendremos la obligaci\u00f3n de hacerlo o de responderle directamente.<\/p>\n<p>Si bien nos esforzamos por garantizar que la informaci\u00f3n en este sitio web sea correcta, no garantizamos su integridad o exactitud; ni nos comprometemos a garantizar que el sitio web permanezca disponible o que el material en el sitio<br \/>\nEl sitio web se mantiene actualizado.<\/p>\n<h2>Responsabilidad de Contenido<\/h2>\n<p>No tendremos responsabilidad alguna por cualquier contenido que aparezca en su sitio web. Usted acepta indemnizarnos y defendernos contra todas las reclamaciones que surjan de o se basen en su sitio web. Ning\u00fan enlace (s) puede aparecer en ninguna p\u00e1gina de su sitio web o en cualquier contexto que contenga contenido o materiales que puedan interpretarse como difamatorios, obscenos o criminales, o que infrinja, de otro modo viole o promueva la infracci\u00f3n u otra violaci\u00f3n de, Derechos de terceros.<\/p>\n<h2>Renuncia<\/h2>\n<p>En la medida m\u00e1xima permitida por la ley aplicable, excluimos todas las representaciones, garant\u00edas y condiciones relacionadas con nuestro sitio web y el uso de este sitio web (incluyendo, sin limitaci\u00f3n, cualquier garant\u00eda impl\u00edcita por la ley con respecto a la calidad satisfactoria, idoneidad para el prop\u00f3sito y \/ o el uso de cuidado y habilidad razonables). Nada en este aviso legal ser\u00e1:<\/p>\n<ol>\n<li>limitar o excluir nuestra o su responsabilidad por muerte o lesiones personales resultantes de negligencia;<\/li>\n<li>limitar o excluir nuestra o su responsabilidad por fraude o tergiversaci\u00f3n fraudulenta;<\/li>\n<li>limitar cualquiera de nuestras o sus responsabilidades en cualquier forma que no est\u00e9 permitida por la ley aplicable; o<\/li>\n<li>excluir cualquiera de nuestras o sus responsabilidades que no pueden ser excluidas bajo la ley aplicable.<\/li>\n<\/ol>\n<p>Las limitaciones y exclusiones de responsabilidad establecidas en esta Secci\u00f3n y en otras partes de esta exenci\u00f3n de responsabilidad: (a) est\u00e1n sujetas al p\u00e1rrafo anterior; y (b) rigen todas las responsabilidades derivadas del descargo de responsabilidad o en relaci\u00f3n con el objeto de este descargo de responsabilidad, incluidas las responsabilidades derivadas del contrato, por da\u00f1os y perjuicios.<br \/>\n(incluyendo negligencia) y por incumplimiento del deber legal. En la medida en que el sitio web y la informaci\u00f3n y los servicios en el sitio web se proporcionen de forma gratuita, no seremos responsables de ninguna p\u00e9rdida o da\u00f1o de ninguna naturaleza.<\/p>\n<h2>Cr\u00e9dito e Informaci\u00f3n de Contacto<\/h2>\n<p>Estos T\u00e9rminos y Condiciones fueron creados en <a style=\"color: inherit; text-decoration: none;\" title=\"Privacy policy template generator\" href=\"https:\/\/termsandconditionstemplate.com\/privacy-policy-generator\/\" target=\"_blank\" rel=\"noopener\">termsandconditionstemplate.com<\/a>. Si tiene alguna pregunta sobre esta Pol\u00edtica de Privacidad, cont\u00e1ctenos a trav\u00e9s de <a href=\"mailto:support@gilcastromusic.com\">correo electr\u00f3nico<\/a>.<\/p>","protected":false},"excerpt":{"rendered":"<p>Welcome to Gil Castro Music These terms and conditions outline the rules and regulations for the use of Gil Castro Music&#8217;s Website. Gil Castro Music is located at: https:\/\/gilcastromusic.com \u00a0 By accessing this website we assume you accept these terms and conditions in full. Do not continue to use Gil Castro Music&#8217;s website if you [&hellip;]<\/p>\n","protected":false},"author":1,"featured_media":0,"parent":0,"menu_order":0,"comment_status":"closed","ping_status":"closed","template":"","meta":{"_exactmetrics_skip_tracking":false,"_exactmetrics_sitenote_active":false,"_exactmetrics_sitenote_note":"","_exactmetrics_sitenote_category":0,"_genesis_hide_title":false,"_genesis_hide_breadcrumbs":false,"_genesis_hide_singular_image":false,"_genesis_hide_footer_widgets":false,"_genesis_custom_body_class":"","_genesis_custom_post_class":"","_genesis_layout":"","footnotes":""},"class_list":{"0":"post-192","1":"page","2":"type-page","3":"status-publish","5":"entry"},"_links":{"self":[{"href":"https:\/\/gilcastromusic.com\/es\/wp-json\/wp\/v2\/pages\/192","targetHints":{"allow":["GET"]}}],"collection":[{"href":"https:\/\/gilcastromusic.com\/es\/wp-json\/wp\/v2\/pages"}],"about":[{"href":"https:\/\/gilcastromusic.com\/es\/wp-json\/wp\/v2\/types\/page"}],"author":[{"embeddable":true,"href":"https:\/\/gilcastromusic.com\/es\/wp-json\/wp\/v2\/users\/1"}],"replies":[{"embeddable":true,"href":"https:\/\/gilcastromusic.com\/es\/wp-json\/wp\/v2\/comments?post=192"}],"version-history":[{"count":2,"href":"https:\/\/gilcastromusic.com\/es\/wp-json\/wp\/v2\/pages\/192\/revisions"}],"predecessor-version":[{"id":683,"href":"https:\/\/gilcastromusic.com\/es\/wp-json\/wp\/v2\/pages\/192\/revisions\/683"}],"wp:attachment":[{"href":"https:\/\/gilcastromusic.com\/es\/wp-json\/wp\/v2\/media?parent=192"}],"curies":[{"name":"wp","href":"https:\/\/api.w.org\/{rel}","templated":true}]}}