{"id":194,"date":"2018-11-05T00:07:33","date_gmt":"2018-11-05T05:07:33","guid":{"rendered":"https:\/\/gilcastromusic.com\/?page_id=194"},"modified":"2018-12-02T07:30:00","modified_gmt":"2018-12-02T12:30:00","slug":"privacy-policy","status":"publish","type":"page","link":"https:\/\/gilcastromusic.com\/es\/privacy-policy\/","title":{"rendered":"Pol\u00edtica de Privacidad"},"content":{"rendered":"<p>&nbsp;<\/p>\n<h1>Bienvenido a nuestra Pol\u00edtica de Privacidad<\/h1>\n<h3>Su privacidad es de vital importancia para nosotros.<\/h3>\n<p>Gil Castro Music se encuentra en:<\/p>\n<address>https:\/\/gilcastromusic.com\u00a0<\/address>\n<address>\u00a0<\/address>\n<p>Es la pol\u00edtica de Gil Castro Music respetar su privacidad con respecto a cualquier informaci\u00f3n que podamos recopilar mientras operamos nuestra p\u00e1gina web. Esta pol\u00edtica de privacidad se aplica a <a href=\"https:\/\/gilcastromusic.com\/es\/\">https:\/\/gilcastromusic.com<\/a> (de aqu\u00ed en adelante, \"nosotros\" o \"https:\/\/gilcastromusic.com\"). Respetamos su privacidad y nos comprometemos a proteger la informaci\u00f3n de identificaci\u00f3n personal que pueda proporcionarnos a trav\u00e9s del sitio web. Hemos adoptado esta pol\u00edtica de privacidad (\"Pol\u00edtica de privacidad\") para explicar qu\u00e9 informaci\u00f3n se puede recopilar en nuestro sitio web, c\u00f3mo utilizamos esta informaci\u00f3n y en qu\u00e9 circunstancias podemos divulgar la informaci\u00f3n a terceros. Esta Pol\u00edtica de privacidad se aplica solo a la informaci\u00f3n que recopilamos a trav\u00e9s del sitio web y no se aplica a nuestra recopilaci\u00f3n de informaci\u00f3n de otras fuentes.<\/p>\n<p>Esta Pol\u00edtica de privacidad, junto con los T\u00e9rminos y Condiciones publicados en nuestro sitio web, establecen las reglas y pol\u00edticas generales que rigen su uso de nuestro sitio web. Dependiendo de sus actividades cuando visite nuestro sitio web, es posible que deba aceptar t\u00e9rminos y condiciones adicionales.<\/p>\n<h2>Visitantes del sitio web<\/h2>\n<p>Como la mayor\u00eda de los operadores de sitios web, Gil Castro Music recopila informaci\u00f3n de identificaci\u00f3n no personal del tipo que los navegadores y servidores web suelen ofrecer, como el tipo de navegador, la preferencia de idioma, el sitio de referencia y la fecha y hora de cada solicitud de visitante. El prop\u00f3sito de Gil Castro Music al recopilar informaci\u00f3n de identificaci\u00f3n no personal es comprender mejor c\u00f3mo los visitantes de Gil Castro Music utilizan su sitio web. De vez en cuando, Gil Castro Music puede divulgar informaci\u00f3n de identificaci\u00f3n no personal en conjunto, por ejemplo, mediante la publicaci\u00f3n de un informe sobre las tendencias en el uso de su sitio web.<\/p>\n<p>Gil Castro Music tambi\u00e9n recopila informaci\u00f3n de identificaci\u00f3n personal como las direcciones de Protocolo de Internet (IP) para los usuarios registrados y para los usuarios que dejan comentarios en las publicaciones del blog https:\/\/gilcastromusic.com. Gil Castro Music solo divulga las direcciones IP de usuarios y comentaristas registrados en las mismas circunstancias que utiliza y revela informaci\u00f3n de identificaci\u00f3n personal como se describe a continuaci\u00f3n.<\/p>\n<h2>Recopilaci\u00f3n de Informaci\u00f3n de Identificaci\u00f3n Personal<\/h2>\n<p>Ciertos visitantes a los sitios web de Gil Castro Music eligen interactuar con Gil Castro Music en formas que requieren que Gil Castro Music recopile informaci\u00f3n de identificaci\u00f3n personal. La cantidad y el tipo de informaci\u00f3n que recopila Gil Castro Music depende de la naturaleza de la interacci\u00f3n. Por ejemplo, pedimos a los visitantes que se registran en un blog en https:\/\/gilcastromusic.com que proporcionen un nombre de usuario y una direcci\u00f3n de correo electr\u00f3nico.<\/p>\n<h2>Seguridad<\/h2>\n<p>La seguridad de su informaci\u00f3n personal es importante para nosotros, pero recuerde que ning\u00fan m\u00e9todo de transmisi\u00f3n a trav\u00e9s de Internet o de almacenamiento electr\u00f3nico es 100% seguro. Si bien nos esforzamos por utilizar medios comercialmente aceptables para proteger su informaci\u00f3n personal, no podemos garantizar su absoluta seguridad.<\/p>\n<h2>Anuncios<\/h2>\n<p>Los anuncios que aparecen en nuestro sitio web pueden ser enviados a los usuarios por los socios publicitarios, quienes pueden establecer cookies. Estas cookies permiten que el servidor de anuncios reconozca su computadora cada vez que le env\u00edan un anuncio en l\u00ednea para recopilar informaci\u00f3n sobre usted u otras personas que usan su computadora. Esta informaci\u00f3n permite a las redes publicitarias, entre otras cosas, entregar anuncios dirigidos que creen que ser\u00e1n de su mayor inter\u00e9s para usted. Esta Pol\u00edtica de privacidad cubre el uso de cookies por Gil Castro Music y no cubre el uso de cookies por parte de los anunciantes.<\/p>\n<h2>Enlaces a sitios externos<\/h2>\n<p>Nuestro Servicio puede contener enlaces a sitios externos que no son operados por nosotros. Si hace clic en el enlace de un tercero, se le dirigir\u00e1 al sitio de ese tercero. Le recomendamos encarecidamente que revise la Pol\u00edtica de privacidad y los t\u00e9rminos y condiciones de cada sitio que visite.<\/p>\n<p>No tenemos control sobre, y no asumimos ninguna responsabilidad por el contenido, las pol\u00edticas de privacidad o las pr\u00e1cticas de los sitios, productos o servicios de terceros.<\/p>\n<h2>Estad\u00edstica Agregada<\/h2>\n<p>Gil Castro Music puede recopilar estad\u00edsticas sobre el comportamiento de los visitantes de su sitio web. Gil Castro Music puede mostrar esta informaci\u00f3n p\u00fablicamente o proporcionarla a otros. Sin embargo, Gil Castro Music no divulga su informaci\u00f3n de identificaci\u00f3n personal.<\/p>\n<h2>Divulgaci\u00f3n de Afiliados<\/h2>\n<p>Este sitio utiliza enlaces de afiliados y gana una comisi\u00f3n de ciertos enlaces. Esto no afecta sus compras o el precio que puede pagar.<\/p>\n<h2>Cookies<\/h2>\n<p>Para enriquecer y perfeccionar su experiencia en l\u00ednea, Gil Castro Music utiliza \"Cookies\", tecnolog\u00edas y servicios similares proporcionados por otros para mostrar contenido personalizado, publicidad apropiada y almacenar sus preferencias en su computadora.<\/p>\n<p>Una cookie es una cadena de informaci\u00f3n que un sitio web almacena en la computadora de un visitante y que el navegador del visitante proporciona al sitio web cada vez que el visitante regresa. Gil Castro Music utiliza cookies para ayudar a Gil Castro Music a identificar y rastrear a los visitantes, su uso de https:\/\/gilcastromusic.com y sus preferencias de acceso a sitios web. Los visitantes de Gil Castro Music que no deseen tener cookies en sus computadoras deben configurar sus navegadores para que rechacen las cookies antes de utilizar los sitios web de Gil Castro Music, con el inconveniente de que ciertas caracter\u00edsticas de los sitios web de Gil Castro Music pueden no funcionar correctamente sin la ayuda de cookies.<\/p>\n<p>Al continuar navegando en nuestro sitio web sin cambiar la configuraci\u00f3n de las cookies, usted reconoce y acepta el uso de cookies por parte de Gil Castro Music.<\/p>\n<h2>Comercio Electronico<\/h2>\n<p>A aquellos que realizan transacciones con Gil Castro Music, al comprar los servicios o productos de Gil Castro Music, se les solicita que proporcionen informaci\u00f3n adicional, incluida la informaci\u00f3n personal y financiera necesaria para procesar esas transacciones, seg\u00fan sea necesario. En cada caso, Gil Castro Music recopila dicha informaci\u00f3n solo en la medida en que sea necesario o apropiado para cumplir con el prop\u00f3sito de la interacci\u00f3n del visitante con Gil Castro Music. Gil Castro Music no divulga informaci\u00f3n de identificaci\u00f3n personal que no sea la que se describe a continuaci\u00f3n. Y los visitantes siempre pueden negarse a proporcionar informaci\u00f3n de identificaci\u00f3n personal, con la advertencia de que puede evitar que se involucren en ciertas actividades relacionadas con el sitio web.<\/p>\n<h2>Cambios en la Pol\u00edtica de Privacidad<\/h2>\n<p>Aunque es probable que la mayor\u00eda de los cambios sean menores, Gil Castro Music puede cambiar su Pol\u00edtica de privacidad de vez en cuando, y a su entera discreci\u00f3n. Gil Castro Music alienta a los visitantes a que visiten con frecuencia esta p\u00e1gina en busca de cambios en su Pol\u00edtica de privacidad. Su uso continuado de este sitio despu\u00e9s de cualquier cambio en esta Pol\u00edtica de privacidad constituir\u00e1 su aceptaci\u00f3n de dicho cambio.<\/p>\n<h2><\/h2>\n<h2>Cr\u00e9dito e Informaci\u00f3n de Contacto<\/h2>\n<p>Esta pol\u00edtica de privacidad fue creada en <a style=\"color: inherit; text-decoration: none;\" title=\"Privacy policy template generator\" href=\"https:\/\/termsandconditionstemplate.com\/privacy-policy-generator\/\" target=\"_blank\" rel=\"noopener\">termsandconditionstemplate.com<\/a>. Si tiene alguna pregunta sobre esta Pol\u00edtica de Privacidad, cont\u00e1ctenos a trav\u00e9s de <a href=\"mailto:manny@gilcastromusic.com\">correo electr\u00f3nico<\/a>.<\/p>","protected":false},"excerpt":{"rendered":"<p>&nbsp; Welcome to our Privacy Policy Your privacy is critically important to us. Gil Castro Music is located at: https:\/\/gilcastromusic.com\u00a0 \u00a0 It is Gil Castro Music\u2019s policy to respect your privacy regarding any information we may collect while operating our website. This Privacy Policy applies to https:\/\/gilcastromusic.com (hereinafter, &#8220;us&#8221;, &#8220;we&#8221;, or &#8220;https:\/\/gilcastromusic.com&#8221;). We respect your [&hellip;]<\/p>\n","protected":false},"author":1,"featured_media":0,"parent":0,"menu_order":0,"comment_status":"closed","ping_status":"closed","template":"","meta":{"_exactmetrics_skip_tracking":false,"_exactmetrics_sitenote_active":false,"_exactmetrics_sitenote_note":"","_exactmetrics_sitenote_category":0,"_genesis_hide_title":false,"_genesis_hide_breadcrumbs":false,"_genesis_hide_singular_image":false,"_genesis_hide_footer_widgets":false,"_genesis_custom_body_class":"","_genesis_custom_post_class":"","_genesis_layout":"","footnotes":""},"class_list":{"0":"post-194","1":"page","2":"type-page","3":"status-publish","5":"entry"},"_links":{"self":[{"href":"https:\/\/gilcastromusic.com\/es\/wp-json\/wp\/v2\/pages\/194","targetHints":{"allow":["GET"]}}],"collection":[{"href":"https:\/\/gilcastromusic.com\/es\/wp-json\/wp\/v2\/pages"}],"about":[{"href":"https:\/\/gilcastromusic.com\/es\/wp-json\/wp\/v2\/types\/page"}],"author":[{"embeddable":true,"href":"https:\/\/gilcastromusic.com\/es\/wp-json\/wp\/v2\/users\/1"}],"replies":[{"embeddable":true,"href":"https:\/\/gilcastromusic.com\/es\/wp-json\/wp\/v2\/comments?post=194"}],"version-history":[{"count":2,"href":"https:\/\/gilcastromusic.com\/es\/wp-json\/wp\/v2\/pages\/194\/revisions"}],"predecessor-version":[{"id":684,"href":"https:\/\/gilcastromusic.com\/es\/wp-json\/wp\/v2\/pages\/194\/revisions\/684"}],"wp:attachment":[{"href":"https:\/\/gilcastromusic.com\/es\/wp-json\/wp\/v2\/media?parent=194"}],"curies":[{"name":"wp","href":"https:\/\/api.w.org\/{rel}","templated":true}]}}