{"id":77,"date":"2018-09-02T05:58:02","date_gmt":"2018-09-02T09:58:02","guid":{"rendered":"https:\/\/gilcastromusic.com\/?page_id=77"},"modified":"2020-02-20T02:20:11","modified_gmt":"2020-02-20T07:20:11","slug":"about","status":"publish","type":"page","link":"https:\/\/gilcastromusic.com\/es\/about\/","title":{"rendered":"Acerca de"},"content":{"rendered":"<p>Gil Castro es lo que llamas un verdadero m\u00fasico profesional. Naci\u00f3 en Humacao, Puerto Rico en 1949, y desde temprana edad, como muchos puertorrique\u00f1os que buscan mejores oportunidades, su familia se mud\u00f3 a la ciudad de Nueva York. Esta reubicaci\u00f3n caus\u00f3 una profunda influencia en toda su vida, ya que su dormitorio estaba ubicado justo encima de una barra, donde se tocaban diferentes estilos de m\u00fasica constantemente, d\u00eda y noche.<\/p>\n<p>En 1960, su familia regresa a Humacao, una ciudad muy peque\u00f1a en comparaci\u00f3n con Nueva York. Como mecanismo de afrontamiento, comenz\u00f3 lecciones de guitarra que consist\u00edan en aprender canciones tradicionales cubanas y puertorrique\u00f1as. Ni siquiera un adolescente a\u00fan, encontr\u00f3 su verdadera pasi\u00f3n en la vida, \u00a1la m\u00fasica! De las simples lecciones de guitarra, pas\u00f3 a dominar la guitarra, el bajo, el piano y la arm\u00f3nica. Como \u00e9l dijo simplemente, \"la m\u00fasica le daba sentido a un mundo ca\u00f3tico\".<\/p>\n<p>Su mundo era la m\u00fasica, pero sus padres ten\u00edan una idea diferente; quer\u00edan que se convirtiera en un abogado. En 1971, despu\u00e9s de graduarse de la Universidad de Puerto Rico, en lugar de ir a la escuela de derecho y para sorpresa de todos, decidi\u00f3 continuar su educaci\u00f3n en el Conservatorio de M\u00fasica de Puerto Rico. Sin embargo, aunque el Conservatorio proporcion\u00f3 una excelente teor\u00eda musical, a Gil no le interesaba mucho la m\u00fasica cl\u00e1sica.<\/p>\n<p>Despu\u00e9s de 3 a\u00f1os en el Conservatorio, lo abandona y se muda a Los \u00c1ngeles, California, en busca de una escena musical m\u00e1s adecuada. All\u00ed obtuvo diplomas en campos relacionados con la m\u00fasica en el Guitar Institute of Technology y en el Los Angeles City College. Durante esos a\u00f1os, form\u00f3 varias bandas en diferentes estilos como el latino, el rock, incluso una banda de Brass ... apenas lo suficiente para pagar las cuentas, \u00a1pero contento!<\/p>\n<p>Finalmente, a mediados de la d\u00e9cada de 1990, regresa a su hogar en Humacao. Nunca satisfecho con todos los instrumentos musicales que ya ha dominado, aprende a tocar los Steel Drums, un instrumento asociado con el Caribe, pero no tradicional de Puerto Rico. Este largo viaje por la vida llev\u00f3 a la grabaci\u00f3n del disco compacto \"Latin Classics on Steel Drums\", una mezcla de las canciones populares cl\u00e1sicas de Cuba y Puerto Rico que de ni\u00f1o aprendi\u00f3 a tocar en la guitarra, pero ahora interpreta en Steel Drums. Una obra maestra \u00fanica donde todos los instrumentos del \u00e1lbum fueron tocados \u00fanicamente por \u00e9l.<\/p>\n<p>Comenzamos a grabar este CD en el 2013, y despu\u00e9s de muchos altibajos en la vida, acompa\u00f1ados de muchas cervezas, \u00a1SE COMPLET\u00d3! Este CD no contiene letras que degraden a nadie; De hecho, no contiene ninguna - es una obra de arte instrumental que refleja nuestra herencia cultural y nuestros cambios en la vida ... \u00a1Disfrute de la m\u00fasica!<\/p>\n<p>\u00a0<\/p>\n<p>Manny Maldonado<br \/>Recording Engineer\/Producer\/Web Developer<\/p>\n\n\n<p><\/p>","protected":false},"excerpt":{"rendered":"<p>Gil Castro is what you call a real professional musician. He was born in Humacao, Puerto Rico in 1949, and at an early age, like many Puerto Ricans looking for better opportunities, his family moved to New York City. This relocation caused a deep influence in his entire life as his bedroom was located right [&hellip;]<\/p>\n","protected":false},"author":1,"featured_media":0,"parent":0,"menu_order":0,"comment_status":"closed","ping_status":"closed","template":"","meta":{"_exactmetrics_skip_tracking":false,"_exactmetrics_sitenote_active":false,"_exactmetrics_sitenote_note":"","_exactmetrics_sitenote_category":0,"_genesis_hide_title":false,"_genesis_hide_breadcrumbs":false,"_genesis_hide_singular_image":false,"_genesis_hide_footer_widgets":false,"_genesis_custom_body_class":"","_genesis_custom_post_class":"","_genesis_layout":"full-width-content","footnotes":""},"class_list":{"0":"post-77","1":"page","2":"type-page","3":"status-publish","5":"entry"},"_links":{"self":[{"href":"https:\/\/gilcastromusic.com\/es\/wp-json\/wp\/v2\/pages\/77","targetHints":{"allow":["GET"]}}],"collection":[{"href":"https:\/\/gilcastromusic.com\/es\/wp-json\/wp\/v2\/pages"}],"about":[{"href":"https:\/\/gilcastromusic.com\/es\/wp-json\/wp\/v2\/types\/page"}],"author":[{"embeddable":true,"href":"https:\/\/gilcastromusic.com\/es\/wp-json\/wp\/v2\/users\/1"}],"replies":[{"embeddable":true,"href":"https:\/\/gilcastromusic.com\/es\/wp-json\/wp\/v2\/comments?post=77"}],"version-history":[{"count":3,"href":"https:\/\/gilcastromusic.com\/es\/wp-json\/wp\/v2\/pages\/77\/revisions"}],"predecessor-version":[{"id":805,"href":"https:\/\/gilcastromusic.com\/es\/wp-json\/wp\/v2\/pages\/77\/revisions\/805"}],"wp:attachment":[{"href":"https:\/\/gilcastromusic.com\/es\/wp-json\/wp\/v2\/media?parent=77"}],"curies":[{"name":"wp","href":"https:\/\/api.w.org\/{rel}","templated":true}]}}